{"id":392,"date":"2018-02-06T11:43:05","date_gmt":"2018-02-06T11:43:05","guid":{"rendered":"http:\/\/stopdiabetes2.dk\/?page_id=392"},"modified":"2021-05-07T14:36:40","modified_gmt":"2021-05-07T14:36:40","slug":"boeger-og-kurser","status":"publish","type":"page","link":"https:\/\/stopdiabetes2.dk\/?page_id=392","title":{"rendered":"B\u00f8ger og kurser"},"content":{"rendered":"\t\t<div data-elementor-type=\"wp-post\" data-elementor-id=\"392\" class=\"elementor elementor-392\">\n\t\t\t\t\t\t<section class=\"elementor-section elementor-top-section elementor-element elementor-element-766c8b66 elementor-section-content-bottom elementor-section-boxed elementor-section-height-default elementor-section-height-default\" data-id=\"766c8b66\" data-element_type=\"section\" data-e-type=\"section\" data-settings=\"{&quot;background_background&quot;:&quot;classic&quot;}\">\n\t\t\t\t\t\t\t<div class=\"elementor-background-overlay\"><\/div>\n\t\t\t\t\t\t\t<div class=\"elementor-container elementor-column-gap-extended\">\n\t\t\t\t\t<div class=\"elementor-column elementor-col-100 elementor-top-column elementor-element elementor-element-7fc76299\" data-id=\"7fc76299\" data-element_type=\"column\" data-e-type=\"column\">\n\t\t\t<div class=\"elementor-widget-wrap elementor-element-populated\">\n\t\t\t\t\t\t<div class=\"elementor-element elementor-element-59e3f339 elementor-widget elementor-widget-heading\" data-id=\"59e3f339\" data-element_type=\"widget\" data-e-type=\"widget\" data-widget_type=\"heading.default\">\n\t\t\t\t<div class=\"elementor-widget-container\">\n\t\t\t\t\t<h1 class=\"elementor-heading-title elementor-size-default\">Anbefalede b\u00f8ger og kurser<\/h1>\t\t\t\t<\/div>\n\t\t\t\t<\/div>\n\t\t\t\t\t<\/div>\n\t\t<\/div>\n\t\t\t\t\t<\/div>\n\t\t<\/section>\n\t\t\t\t<section class=\"elementor-section elementor-top-section elementor-element elementor-element-53bd6a3 elementor-section-content-middle elementor-section-boxed elementor-section-height-default elementor-section-height-default\" data-id=\"53bd6a3\" data-element_type=\"section\" data-e-type=\"section\">\n\t\t\t\t\t\t<div class=\"elementor-container elementor-column-gap-extended\">\n\t\t\t\t\t<div class=\"elementor-column elementor-col-50 elementor-top-column elementor-element elementor-element-a752c72\" data-id=\"a752c72\" data-element_type=\"column\" data-e-type=\"column\">\n\t\t\t<div class=\"elementor-widget-wrap elementor-element-populated\">\n\t\t\t\t\t\t<div class=\"elementor-element elementor-element-7d99f2da elementor-widget elementor-widget-heading\" data-id=\"7d99f2da\" data-element_type=\"widget\" data-e-type=\"widget\" data-widget_type=\"heading.default\">\n\t\t\t\t<div class=\"elementor-widget-container\">\n\t\t\t\t\t<h2 class=\"elementor-heading-title elementor-size-default\">B\u00f8ger<\/h2>\t\t\t\t<\/div>\n\t\t\t\t<\/div>\n\t\t\t\t<section class=\"elementor-section elementor-inner-section elementor-element elementor-element-649a11c elementor-section-boxed elementor-section-height-default elementor-section-height-default\" data-id=\"649a11c\" data-element_type=\"section\" data-e-type=\"section\">\n\t\t\t\t\t\t<div class=\"elementor-container elementor-column-gap-default\">\n\t\t\t\t\t<div class=\"elementor-column elementor-col-33 elementor-inner-column elementor-element elementor-element-5e03f96\" data-id=\"5e03f96\" data-element_type=\"column\" data-e-type=\"column\">\n\t\t\t<div class=\"elementor-widget-wrap elementor-element-populated\">\n\t\t\t\t\t\t<div class=\"elementor-element elementor-element-f0e9753 elementor-position-top elementor-widget elementor-widget-image-box\" data-id=\"f0e9753\" data-element_type=\"widget\" data-e-type=\"widget\" data-widget_type=\"image-box.default\">\n\t\t\t\t<div class=\"elementor-widget-container\">\n\t\t\t\t\t<div class=\"elementor-image-box-wrapper\"><figure class=\"elementor-image-box-img\"><img fetchpriority=\"high\" decoding=\"async\" width=\"370\" height=\"250\" src=\"https:\/\/stopdiabetes2.dk\/wp-content\/uploads\/2018\/02\/blog-06-free-img.jpg\" class=\"attachment-full size-full wp-image-83\" alt=\"Blog Image 06\" srcset=\"https:\/\/stopdiabetes2.dk\/wp-content\/uploads\/2018\/02\/blog-06-free-img.jpg 370w, https:\/\/stopdiabetes2.dk\/wp-content\/uploads\/2018\/02\/blog-06-free-img-300x203.jpg 300w\" sizes=\"(max-width: 370px) 100vw, 370px\" \/><\/figure><div class=\"elementor-image-box-content\"><h3 class=\"elementor-image-box-title\">Duis Aute Irure Dolor<\/h3><p class=\"elementor-image-box-description\">Lorem ipsum dolor sit amet, consectetur adipisicing elit, sed do eiusmod tempor incididunt ut labore et dolore magna aliqua. Ut enim ad minim veniam, quis nostrud exercitation ullamco laboris.<\/p><\/div><\/div>\t\t\t\t<\/div>\n\t\t\t\t<\/div>\n\t\t\t\t\t<\/div>\n\t\t<\/div>\n\t\t\t\t<div class=\"elementor-column elementor-col-33 elementor-inner-column elementor-element elementor-element-2bac333\" data-id=\"2bac333\" data-element_type=\"column\" data-e-type=\"column\">\n\t\t\t<div class=\"elementor-widget-wrap elementor-element-populated\">\n\t\t\t\t\t\t<div class=\"elementor-element elementor-element-b53da33 elementor-position-top elementor-widget elementor-widget-image-box\" data-id=\"b53da33\" data-element_type=\"widget\" data-e-type=\"widget\" data-widget_type=\"image-box.default\">\n\t\t\t\t<div class=\"elementor-widget-container\">\n\t\t\t\t\t<div class=\"elementor-image-box-wrapper\"><figure class=\"elementor-image-box-img\"><img decoding=\"async\" width=\"370\" height=\"250\" src=\"https:\/\/stopdiabetes2.dk\/wp-content\/uploads\/2018\/02\/blog-05-free-img.jpg\" class=\"attachment-full size-full wp-image-82\" alt=\"Blog Image 05\" srcset=\"https:\/\/stopdiabetes2.dk\/wp-content\/uploads\/2018\/02\/blog-05-free-img.jpg 370w, https:\/\/stopdiabetes2.dk\/wp-content\/uploads\/2018\/02\/blog-05-free-img-300x203.jpg 300w\" sizes=\"(max-width: 370px) 100vw, 370px\" \/><\/figure><div class=\"elementor-image-box-content\"><h3 class=\"elementor-image-box-title\">Excepteur Occaecat Cupida <\/h3><p class=\"elementor-image-box-description\">Lorem ipsum dolor sit amet, consectetur adipisicing elit, sed do eiusmod tempor incididunt ut labore et dolore magna aliqua. Ut enim ad minim veniam, quis nostrud exercitation ullamco laboris.<\/p><\/div><\/div>\t\t\t\t<\/div>\n\t\t\t\t<\/div>\n\t\t\t\t\t<\/div>\n\t\t<\/div>\n\t\t\t\t<div class=\"elementor-column elementor-col-33 elementor-inner-column elementor-element elementor-element-48194ed\" data-id=\"48194ed\" data-element_type=\"column\" data-e-type=\"column\">\n\t\t\t<div class=\"elementor-widget-wrap elementor-element-populated\">\n\t\t\t\t\t\t<div class=\"elementor-element elementor-element-161f4a6 elementor-position-top elementor-widget elementor-widget-image-box\" data-id=\"161f4a6\" data-element_type=\"widget\" data-e-type=\"widget\" data-widget_type=\"image-box.default\">\n\t\t\t\t<div class=\"elementor-widget-container\">\n\t\t\t\t\t<div class=\"elementor-image-box-wrapper\"><figure class=\"elementor-image-box-img\"><img decoding=\"async\" width=\"370\" height=\"250\" src=\"https:\/\/stopdiabetes2.dk\/wp-content\/uploads\/2018\/02\/blog-04-free-img.jpg\" class=\"attachment-full size-full wp-image-81\" alt=\"Blog Image 04\" srcset=\"https:\/\/stopdiabetes2.dk\/wp-content\/uploads\/2018\/02\/blog-04-free-img.jpg 370w, https:\/\/stopdiabetes2.dk\/wp-content\/uploads\/2018\/02\/blog-04-free-img-300x203.jpg 300w\" sizes=\"(max-width: 370px) 100vw, 370px\" \/><\/figure><div class=\"elementor-image-box-content\"><h3 class=\"elementor-image-box-title\">Totam Rem Aperiam Ipsa<\/h3><p class=\"elementor-image-box-description\">Lorem ipsum dolor sit amet, consectetur adipisicing elit, sed do eiusmod tempor incididunt ut labore et dolore magna aliqua. Ut enim ad minim veniam, quis nostrud exercitation ullamco laboris.<\/p><\/div><\/div>\t\t\t\t<\/div>\n\t\t\t\t<\/div>\n\t\t\t\t\t<\/div>\n\t\t<\/div>\n\t\t\t\t\t<\/div>\n\t\t<\/section>\n\t\t\t\t<section class=\"elementor-section elementor-inner-section elementor-element elementor-element-bea918a elementor-section-boxed elementor-section-height-default elementor-section-height-default\" data-id=\"bea918a\" data-element_type=\"section\" data-e-type=\"section\">\n\t\t\t\t\t\t<div class=\"elementor-container elementor-column-gap-default\">\n\t\t\t\t\t<div class=\"elementor-column elementor-col-33 elementor-inner-column elementor-element elementor-element-6613ac9\" data-id=\"6613ac9\" data-element_type=\"column\" data-e-type=\"column\">\n\t\t\t<div class=\"elementor-widget-wrap elementor-element-populated\">\n\t\t\t\t\t\t<div class=\"elementor-element elementor-element-9855781 elementor-position-top elementor-widget elementor-widget-image-box\" data-id=\"9855781\" data-element_type=\"widget\" data-e-type=\"widget\" data-widget_type=\"image-box.default\">\n\t\t\t\t<div class=\"elementor-widget-container\">\n\t\t\t\t\t<div class=\"elementor-image-box-wrapper\"><figure class=\"elementor-image-box-img\"><img loading=\"lazy\" decoding=\"async\" width=\"370\" height=\"250\" src=\"https:\/\/stopdiabetes2.dk\/wp-content\/uploads\/2018\/02\/blog-03-free-img-1.jpg\" class=\"attachment-full size-full wp-image-80\" alt=\"Blog Image 03\" srcset=\"https:\/\/stopdiabetes2.dk\/wp-content\/uploads\/2018\/02\/blog-03-free-img-1.jpg 370w, https:\/\/stopdiabetes2.dk\/wp-content\/uploads\/2018\/02\/blog-03-free-img-1-300x203.jpg 300w\" sizes=\"(max-width: 370px) 100vw, 370px\" \/><\/figure><div class=\"elementor-image-box-content\"><h3 class=\"elementor-image-box-title\">Nemo Enim Ipsam Voluptate<\/h3><p class=\"elementor-image-box-description\">Lorem ipsum dolor sit amet, consectetur adipisicing elit, sed do eiusmod tempor incididunt ut labore et dolore magna aliqua. Ut enim ad minim veniam, quis nostrud exercitation ullamco laboris.<\/p><\/div><\/div>\t\t\t\t<\/div>\n\t\t\t\t<\/div>\n\t\t\t\t\t<\/div>\n\t\t<\/div>\n\t\t\t\t<div class=\"elementor-column elementor-col-33 elementor-inner-column elementor-element elementor-element-4dc2983\" data-id=\"4dc2983\" data-element_type=\"column\" data-e-type=\"column\">\n\t\t\t<div class=\"elementor-widget-wrap elementor-element-populated\">\n\t\t\t\t\t\t<div class=\"elementor-element elementor-element-e598d25 elementor-position-top elementor-widget elementor-widget-image-box\" data-id=\"e598d25\" data-element_type=\"widget\" data-e-type=\"widget\" data-widget_type=\"image-box.default\">\n\t\t\t\t<div class=\"elementor-widget-container\">\n\t\t\t\t\t<div class=\"elementor-image-box-wrapper\"><figure class=\"elementor-image-box-img\"><img loading=\"lazy\" decoding=\"async\" width=\"370\" height=\"250\" src=\"https:\/\/stopdiabetes2.dk\/wp-content\/uploads\/2018\/02\/blog-02-free-img-1.jpg\" class=\"attachment-full size-full wp-image-79\" alt=\"Blog Image 02\" srcset=\"https:\/\/stopdiabetes2.dk\/wp-content\/uploads\/2018\/02\/blog-02-free-img-1.jpg 370w, https:\/\/stopdiabetes2.dk\/wp-content\/uploads\/2018\/02\/blog-02-free-img-1-300x203.jpg 300w\" sizes=\"(max-width: 370px) 100vw, 370px\" \/><\/figure><div class=\"elementor-image-box-content\"><h3 class=\"elementor-image-box-title\">Dolore Magnam Aliquam<\/h3><p class=\"elementor-image-box-description\">Lorem ipsum dolor sit amet, consectetur adipisicing elit, sed do eiusmod tempor incididunt ut labore et dolore magna aliqua. Ut enim ad minim veniam, quis nostrud exercitation ullamco laboris.<\/p><\/div><\/div>\t\t\t\t<\/div>\n\t\t\t\t<\/div>\n\t\t\t\t\t<\/div>\n\t\t<\/div>\n\t\t\t\t<div class=\"elementor-column elementor-col-33 elementor-inner-column elementor-element elementor-element-56c2167\" data-id=\"56c2167\" data-element_type=\"column\" data-e-type=\"column\">\n\t\t\t<div class=\"elementor-widget-wrap elementor-element-populated\">\n\t\t\t\t\t\t<div class=\"elementor-element elementor-element-324e2e8 elementor-position-top elementor-widget elementor-widget-image-box\" data-id=\"324e2e8\" data-element_type=\"widget\" data-e-type=\"widget\" data-widget_type=\"image-box.default\">\n\t\t\t\t<div class=\"elementor-widget-container\">\n\t\t\t\t\t<div class=\"elementor-image-box-wrapper\"><figure class=\"elementor-image-box-img\"><img loading=\"lazy\" decoding=\"async\" width=\"370\" height=\"250\" src=\"https:\/\/stopdiabetes2.dk\/wp-content\/uploads\/2018\/02\/blog-01-free-img-1.jpg\" class=\"attachment-full size-full wp-image-78\" alt=\"Blog Image 01\" srcset=\"https:\/\/stopdiabetes2.dk\/wp-content\/uploads\/2018\/02\/blog-01-free-img-1.jpg 370w, https:\/\/stopdiabetes2.dk\/wp-content\/uploads\/2018\/02\/blog-01-free-img-1-300x203.jpg 300w\" sizes=\"(max-width: 370px) 100vw, 370px\" \/><\/figure><div class=\"elementor-image-box-content\"><h3 class=\"elementor-image-box-title\">Tempora Incidunt Labore<\/h3><p class=\"elementor-image-box-description\">Lorem ipsum dolor sit amet, consectetur adipisicing elit, sed do eiusmod tempor incididunt ut labore et dolore magna aliqua. Ut enim ad minim veniam, quis nostrud exercitation ullamco laboris.<\/p><\/div><\/div>\t\t\t\t<\/div>\n\t\t\t\t<\/div>\n\t\t\t\t\t<\/div>\n\t\t<\/div>\n\t\t\t\t\t<\/div>\n\t\t<\/section>\n\t\t\t\t\t<\/div>\n\t\t<\/div>\n\t\t\t\t<div class=\"elementor-column elementor-col-50 elementor-top-column elementor-element elementor-element-266aab0\" data-id=\"266aab0\" data-element_type=\"column\" data-e-type=\"column\">\n\t\t\t<div class=\"elementor-widget-wrap elementor-element-populated\">\n\t\t\t\t\t\t<div class=\"elementor-element elementor-element-ef14e26 elementor-widget elementor-widget-heading\" data-id=\"ef14e26\" data-element_type=\"widget\" data-e-type=\"widget\" data-widget_type=\"heading.default\">\n\t\t\t\t<div class=\"elementor-widget-container\">\n\t\t\t\t\t<h2 class=\"elementor-heading-title elementor-size-default\">Videoer<\/h2>\t\t\t\t<\/div>\n\t\t\t\t<\/div>\n\t\t\t\t<section class=\"elementor-section elementor-inner-section elementor-element elementor-element-c49fa20 elementor-section-boxed elementor-section-height-default elementor-section-height-default\" data-id=\"c49fa20\" data-element_type=\"section\" data-e-type=\"section\">\n\t\t\t\t\t\t<div class=\"elementor-container elementor-column-gap-default\">\n\t\t\t\t\t<div class=\"elementor-column elementor-col-50 elementor-inner-column elementor-element elementor-element-135acff\" data-id=\"135acff\" data-element_type=\"column\" data-e-type=\"column\">\n\t\t\t<div class=\"elementor-widget-wrap elementor-element-populated\">\n\t\t\t\t\t\t<div class=\"elementor-element elementor-element-e1e047b elementor-widget elementor-widget-video\" data-id=\"e1e047b\" data-element_type=\"widget\" data-e-type=\"widget\" data-settings=\"{&quot;youtube_url&quot;:&quot;https:\\\/\\\/www.youtube.com\\\/watch?v=NDGEYNNXeTs&quot;,&quot;video_type&quot;:&quot;youtube&quot;,&quot;controls&quot;:&quot;yes&quot;}\" data-widget_type=\"video.default\">\n\t\t\t\t<div class=\"elementor-widget-container\">\n\t\t\t\t\t\t\t<div class=\"elementor-wrapper elementor-open-inline\">\n\t\t\t<div class=\"elementor-video\"><\/div>\t\t<\/div>\n\t\t\t\t\t\t<\/div>\n\t\t\t\t<\/div>\n\t\t\t\t<div class=\"elementor-element elementor-element-6d134a4 elementor-widget elementor-widget-text-editor\" data-id=\"6d134a4\" data-element_type=\"widget\" data-e-type=\"widget\" data-widget_type=\"text-editor.default\">\n\t\t\t\t<div class=\"elementor-widget-container\">\n\t\t\t\t\t\t\t\t\t<p>Dr. Edberg er en svensk kiropraktiker som har sl\u00e5et sig ned i Alabama, som holistisk l\u00e6ge I denne video (p\u00e5 engelsk) underviser han i <strong>insulin resistens og dens f\u00f8lgevirkninger, herunder Diabetes 2, og vigtigst af alt hvordan man stopper den.<\/strong> Videoen har ogs\u00e5 en afsluttende afsnit om hvilken indflydelse det har p\u00e5 vores modstandskraft overfor Covid-19. Han er meget metodisk og let forst\u00e5elig, og har mange videoer p\u00e5 sin youtube kanal.<\/p>\t\t\t\t\t\t\t\t<\/div>\n\t\t\t\t<\/div>\n\t\t\t\t<div class=\"elementor-element elementor-element-b0b601b elementor-widget elementor-widget-video\" data-id=\"b0b601b\" data-element_type=\"widget\" data-e-type=\"widget\" data-settings=\"{&quot;youtube_url&quot;:&quot;https:\\\/\\\/www.youtube.com\\\/watch?v=TOTZDjAyar0&quot;,&quot;video_type&quot;:&quot;youtube&quot;,&quot;controls&quot;:&quot;yes&quot;}\" data-widget_type=\"video.default\">\n\t\t\t\t<div class=\"elementor-widget-container\">\n\t\t\t\t\t\t\t<div class=\"elementor-wrapper elementor-open-inline\">\n\t\t\t<div class=\"elementor-video\"><\/div>\t\t<\/div>\n\t\t\t\t\t\t<\/div>\n\t\t\t\t<\/div>\n\t\t\t\t<div class=\"elementor-element elementor-element-d572cb7 elementor-widget elementor-widget-text-editor\" data-id=\"d572cb7\" data-element_type=\"widget\" data-e-type=\"widget\" data-widget_type=\"text-editor.default\">\n\t\t\t\t<div class=\"elementor-widget-container\">\n\t\t\t\t\t\t\t\t\t<p>I denne video gennemg\u00e5s det store sp\u00f8rgsm\u00e5l; <strong>hvor lang tid tager det at stoppe og vende insulin resistens.<\/strong><\/p>\t\t\t\t\t\t\t\t<\/div>\n\t\t\t\t<\/div>\n\t\t\t\t\t<\/div>\n\t\t<\/div>\n\t\t\t\t<div class=\"elementor-column elementor-col-50 elementor-inner-column elementor-element elementor-element-d3ad273\" data-id=\"d3ad273\" data-element_type=\"column\" data-e-type=\"column\">\n\t\t\t<div class=\"elementor-widget-wrap elementor-element-populated\">\n\t\t\t\t\t\t<div class=\"elementor-element elementor-element-dba1049 elementor-widget elementor-widget-video\" data-id=\"dba1049\" data-element_type=\"widget\" data-e-type=\"widget\" data-settings=\"{&quot;youtube_url&quot;:&quot;https:\\\/\\\/www.youtube.com\\\/watch?v=XHOmBV4js_E&quot;,&quot;video_type&quot;:&quot;youtube&quot;,&quot;controls&quot;:&quot;yes&quot;}\" data-widget_type=\"video.default\">\n\t\t\t\t<div class=\"elementor-widget-container\">\n\t\t\t\t\t\t\t<div class=\"elementor-wrapper elementor-open-inline\">\n\t\t\t<div class=\"elementor-video\"><\/div>\t\t<\/div>\n\t\t\t\t\t\t<\/div>\n\t\t\t\t<\/div>\n\t\t\t\t\t<\/div>\n\t\t<\/div>\n\t\t\t\t\t<\/div>\n\t\t<\/section>\n\t\t\t\t<section class=\"elementor-section elementor-inner-section elementor-element elementor-element-8732a78 elementor-section-boxed elementor-section-height-default elementor-section-height-default\" data-id=\"8732a78\" data-element_type=\"section\" data-e-type=\"section\">\n\t\t\t\t\t\t<div class=\"elementor-container elementor-column-gap-default\">\n\t\t\t\t\t<div class=\"elementor-column elementor-col-33 elementor-inner-column elementor-element elementor-element-07b9442\" data-id=\"07b9442\" data-element_type=\"column\" data-e-type=\"column\">\n\t\t\t<div class=\"elementor-widget-wrap elementor-element-populated\">\n\t\t\t\t\t\t<div class=\"elementor-element elementor-element-19d4793 elementor-position-top elementor-widget elementor-widget-image-box\" data-id=\"19d4793\" data-element_type=\"widget\" data-e-type=\"widget\" data-widget_type=\"image-box.default\">\n\t\t\t\t<div class=\"elementor-widget-container\">\n\t\t\t\t\t<div class=\"elementor-image-box-wrapper\"><figure class=\"elementor-image-box-img\"><img loading=\"lazy\" decoding=\"async\" width=\"370\" height=\"250\" src=\"https:\/\/stopdiabetes2.dk\/wp-content\/uploads\/2018\/02\/blog-03-free-img-1.jpg\" class=\"attachment-full size-full wp-image-80\" alt=\"Blog Image 03\" srcset=\"https:\/\/stopdiabetes2.dk\/wp-content\/uploads\/2018\/02\/blog-03-free-img-1.jpg 370w, https:\/\/stopdiabetes2.dk\/wp-content\/uploads\/2018\/02\/blog-03-free-img-1-300x203.jpg 300w\" sizes=\"(max-width: 370px) 100vw, 370px\" \/><\/figure><div class=\"elementor-image-box-content\"><h3 class=\"elementor-image-box-title\">Nemo Enim Ipsam Voluptate<\/h3><p class=\"elementor-image-box-description\">Lorem ipsum dolor sit amet, consectetur adipisicing elit, sed do eiusmod tempor incididunt ut labore et dolore magna aliqua. Ut enim ad minim veniam, quis nostrud exercitation ullamco laboris.<\/p><\/div><\/div>\t\t\t\t<\/div>\n\t\t\t\t<\/div>\n\t\t\t\t\t<\/div>\n\t\t<\/div>\n\t\t\t\t<div class=\"elementor-column elementor-col-33 elementor-inner-column elementor-element elementor-element-9962b70\" data-id=\"9962b70\" data-element_type=\"column\" data-e-type=\"column\">\n\t\t\t<div class=\"elementor-widget-wrap elementor-element-populated\">\n\t\t\t\t\t\t<div class=\"elementor-element elementor-element-1929973 elementor-position-top elementor-widget elementor-widget-image-box\" data-id=\"1929973\" data-element_type=\"widget\" data-e-type=\"widget\" data-widget_type=\"image-box.default\">\n\t\t\t\t<div class=\"elementor-widget-container\">\n\t\t\t\t\t<div class=\"elementor-image-box-wrapper\"><figure class=\"elementor-image-box-img\"><img loading=\"lazy\" decoding=\"async\" width=\"370\" height=\"250\" src=\"https:\/\/stopdiabetes2.dk\/wp-content\/uploads\/2018\/02\/blog-02-free-img-1.jpg\" class=\"attachment-full size-full wp-image-79\" alt=\"Blog Image 02\" srcset=\"https:\/\/stopdiabetes2.dk\/wp-content\/uploads\/2018\/02\/blog-02-free-img-1.jpg 370w, https:\/\/stopdiabetes2.dk\/wp-content\/uploads\/2018\/02\/blog-02-free-img-1-300x203.jpg 300w\" sizes=\"(max-width: 370px) 100vw, 370px\" \/><\/figure><div class=\"elementor-image-box-content\"><h3 class=\"elementor-image-box-title\">Dolore Magnam Aliquam<\/h3><p class=\"elementor-image-box-description\">Lorem ipsum dolor sit amet, consectetur adipisicing elit, sed do eiusmod tempor incididunt ut labore et dolore magna aliqua. Ut enim ad minim veniam, quis nostrud exercitation ullamco laboris.<\/p><\/div><\/div>\t\t\t\t<\/div>\n\t\t\t\t<\/div>\n\t\t\t\t\t<\/div>\n\t\t<\/div>\n\t\t\t\t<div class=\"elementor-column elementor-col-33 elementor-inner-column elementor-element elementor-element-0f2c891\" data-id=\"0f2c891\" data-element_type=\"column\" data-e-type=\"column\">\n\t\t\t<div class=\"elementor-widget-wrap elementor-element-populated\">\n\t\t\t\t\t\t<div class=\"elementor-element elementor-element-bef1bf5 elementor-position-top elementor-widget elementor-widget-image-box\" data-id=\"bef1bf5\" data-element_type=\"widget\" data-e-type=\"widget\" data-widget_type=\"image-box.default\">\n\t\t\t\t<div class=\"elementor-widget-container\">\n\t\t\t\t\t<div class=\"elementor-image-box-wrapper\"><figure class=\"elementor-image-box-img\"><img loading=\"lazy\" decoding=\"async\" width=\"370\" height=\"250\" src=\"https:\/\/stopdiabetes2.dk\/wp-content\/uploads\/2018\/02\/blog-01-free-img-1.jpg\" class=\"attachment-full size-full wp-image-78\" alt=\"Blog Image 01\" srcset=\"https:\/\/stopdiabetes2.dk\/wp-content\/uploads\/2018\/02\/blog-01-free-img-1.jpg 370w, https:\/\/stopdiabetes2.dk\/wp-content\/uploads\/2018\/02\/blog-01-free-img-1-300x203.jpg 300w\" sizes=\"(max-width: 370px) 100vw, 370px\" \/><\/figure><div class=\"elementor-image-box-content\"><h3 class=\"elementor-image-box-title\">Tempora Incidunt Labore<\/h3><p class=\"elementor-image-box-description\">Lorem ipsum dolor sit amet, consectetur adipisicing elit, sed do eiusmod tempor incididunt ut labore et dolore magna aliqua. Ut enim ad minim veniam, quis nostrud exercitation ullamco laboris.<\/p><\/div><\/div>\t\t\t\t<\/div>\n\t\t\t\t<\/div>\n\t\t\t\t\t<\/div>\n\t\t<\/div>\n\t\t\t\t\t<\/div>\n\t\t<\/section>\n\t\t\t\t\t<\/div>\n\t\t<\/div>\n\t\t\t\t\t<\/div>\n\t\t<\/section>\n\t\t\t\t<\/div>\n\t\t","protected":false},"excerpt":{"rendered":"<p>Anbefalede b\u00f8ger og kurser B\u00f8ger Duis Aute Irure Dolor Lorem ipsum dolor sit amet, consectetur adipisicing elit, sed do eiusmod tempor incididunt ut labore et dolore magna aliqua. Ut enim ad minim veniam, quis nostrud exercitation ullamco laboris. Excepteur Occaecat Cupida Lorem ipsum dolor sit amet, consectetur adipisicing elit, sed do eiusmod tempor incididunt ut [&hellip;]<\/p>\n","protected":false},"author":1,"featured_media":0,"parent":0,"menu_order":0,"comment_status":"closed","ping_status":"closed","template":"","meta":{"site-sidebar-layout":"no-sidebar","site-content-layout":"page-builder","ast-site-content-layout":"","site-content-style":"default","site-sidebar-style":"default","ast-global-header-display":"","ast-banner-title-visibility":"","ast-main-header-display":"","ast-hfb-above-header-display":"","ast-hfb-below-header-display":"","ast-hfb-mobile-header-display":"","site-post-title":"disabled","ast-breadcrumbs-content":"","ast-featured-img":"disabled","footer-sml-layout":"","theme-transparent-header-meta":"","adv-header-id-meta":"","stick-header-meta":"","header-above-stick-meta":"","header-main-stick-meta":"","header-below-stick-meta":"","astra-migrate-meta-layouts":"default","ast-page-background-enabled":"default","ast-page-background-meta":{"desktop":{"background-color":"","background-image":"","background-repeat":"repeat","background-position":"center center","background-size":"auto","background-attachment":"scroll","background-type":"","background-media":"","overlay-type":"","overlay-color":"","overlay-opacity":"","overlay-gradient":""},"tablet":{"background-color":"","background-image":"","background-repeat":"repeat","background-position":"center center","background-size":"auto","background-attachment":"scroll","background-type":"","background-media":"","overlay-type":"","overlay-color":"","overlay-opacity":"","overlay-gradient":""},"mobile":{"background-color":"","background-image":"","background-repeat":"repeat","background-position":"center center","background-size":"auto","background-attachment":"scroll","background-type":"","background-media":"","overlay-type":"","overlay-color":"","overlay-opacity":"","overlay-gradient":""}},"ast-content-background-meta":{"desktop":{"background-color":"var(--ast-global-color-5)","background-image":"","background-repeat":"repeat","background-position":"center center","background-size":"auto","background-attachment":"scroll","background-type":"","background-media":"","overlay-type":"","overlay-color":"","overlay-opacity":"","overlay-gradient":""},"tablet":{"background-color":"var(--ast-global-color-5)","background-image":"","background-repeat":"repeat","background-position":"center center","background-size":"auto","background-attachment":"scroll","background-type":"","background-media":"","overlay-type":"","overlay-color":"","overlay-opacity":"","overlay-gradient":""},"mobile":{"background-color":"var(--ast-global-color-5)","background-image":"","background-repeat":"repeat","background-position":"center center","background-size":"auto","background-attachment":"scroll","background-type":"","background-media":"","overlay-type":"","overlay-color":"","overlay-opacity":"","overlay-gradient":""}},"footnotes":""},"class_list":["post-392","page","type-page","status-publish","hentry"],"_links":{"self":[{"href":"https:\/\/stopdiabetes2.dk\/index.php?rest_route=\/wp\/v2\/pages\/392","targetHints":{"allow":["GET"]}}],"collection":[{"href":"https:\/\/stopdiabetes2.dk\/index.php?rest_route=\/wp\/v2\/pages"}],"about":[{"href":"https:\/\/stopdiabetes2.dk\/index.php?rest_route=\/wp\/v2\/types\/page"}],"author":[{"embeddable":true,"href":"https:\/\/stopdiabetes2.dk\/index.php?rest_route=\/wp\/v2\/users\/1"}],"replies":[{"embeddable":true,"href":"https:\/\/stopdiabetes2.dk\/index.php?rest_route=%2Fwp%2Fv2%2Fcomments&post=392"}],"version-history":[{"count":20,"href":"https:\/\/stopdiabetes2.dk\/index.php?rest_route=\/wp\/v2\/pages\/392\/revisions"}],"predecessor-version":[{"id":696,"href":"https:\/\/stopdiabetes2.dk\/index.php?rest_route=\/wp\/v2\/pages\/392\/revisions\/696"}],"wp:attachment":[{"href":"https:\/\/stopdiabetes2.dk\/index.php?rest_route=%2Fwp%2Fv2%2Fmedia&parent=392"}],"curies":[{"name":"wp","href":"https:\/\/api.w.org\/{rel}","templated":true}]}}